{"id":2,"date":"2025-11-19T11:44:17","date_gmt":"2025-11-19T11:44:17","guid":{"rendered":"https:\/\/ladegus.rkinformatika.online\/?page_id=2"},"modified":"2025-11-27T15:46:36","modified_gmt":"2025-11-27T15:46:36","slug":"inicio","status":"publish","type":"page","link":"https:\/\/ladegus.com\/eu\/","title":{"rendered":"Hasiera"},"content":{"rendered":"<div data-elementor-type=\"wp-page\" data-elementor-id=\"2\" class=\"elementor elementor-2\" data-elementor-post-type=\"page\">\n\t\t\t\t<div class=\"elementor-element elementor-element-279b355 e-con-full e-flex e-con e-parent\" data-id=\"279b355\" data-element_type=\"container\" data-e-type=\"container\" data-settings=\"{&quot;background_background&quot;:&quot;classic&quot;}\">\n\t\t<div class=\"elementor-element elementor-element-0df7bcd e-flex e-con-boxed e-con e-child\" data-id=\"0df7bcd\" data-element_type=\"container\" data-e-type=\"container\">\n\t\t\t\t\t<div class=\"e-con-inner\">\n\t\t\t\t<div class=\"elementor-element elementor-element-b7cddeb elementor-widget elementor-widget-heading\" data-id=\"b7cddeb\" data-element_type=\"widget\" data-e-type=\"widget\" data-widget_type=\"heading.default\">\n\t\t\t\t\t<h2 class=\"elementor-heading-title elementor-size-default\">FAMILIAKO OASI BAT PARKE ERDIAN<\/h2>\t\t\t\t<\/div>\n\t\t\t\t\t<\/div>\n\t\t\t\t<\/div>\n\t\t<div class=\"elementor-element elementor-element-5353c4e e-flex e-con-boxed e-con e-child\" data-id=\"5353c4e\" data-element_type=\"container\" data-e-type=\"container\" data-settings=\"{&quot;background_background&quot;:&quot;classic&quot;}\">\n\t\t\t\t\t<div class=\"e-con-inner\">\n\t\t<div class=\"elementor-element elementor-element-55e4c65 e-con-full e-flex e-con e-child\" data-id=\"55e4c65\" data-element_type=\"container\" data-e-type=\"container\">\n\t\t\t\t<div class=\"elementor-element elementor-element-c57e038 elementor-widget elementor-widget-image\" data-id=\"c57e038\" data-element_type=\"widget\" data-e-type=\"widget\" data-widget_type=\"image.default\">\n\t\t\t\t\t\t\t\t\t\t\t\t\t\t\t<img fetchpriority=\"high\" decoding=\"async\" width=\"1333\" height=\"2000\" src=\"https:\/\/ladegus.com\/wp-content\/uploads\/2025\/11\/107687.jpg\" class=\"attachment-full size-full wp-image-98\" alt=\"\" srcset=\"https:\/\/ladegus.com\/wp-content\/uploads\/2025\/11\/107687.jpg 1333w, https:\/\/ladegus.com\/wp-content\/uploads\/2025\/11\/107687-200x300.jpg 200w, https:\/\/ladegus.com\/wp-content\/uploads\/2025\/11\/107687-682x1024.jpg 682w, https:\/\/ladegus.com\/wp-content\/uploads\/2025\/11\/107687-768x1152.jpg 768w, https:\/\/ladegus.com\/wp-content\/uploads\/2025\/11\/107687-1024x1536.jpg 1024w, https:\/\/ladegus.com\/wp-content\/uploads\/2025\/11\/107687-8x12.jpg 8w\" sizes=\"(max-width: 1333px) 100vw, 1333px\" \/>\t\t\t\t\t\t\t\t\t\t\t\t\t\t\t<\/div>\n\t\t<div class=\"elementor-element elementor-element-02fc5d6 e-con-full e-flex e-con e-child\" data-id=\"02fc5d6\" data-element_type=\"container\" data-e-type=\"container\" data-settings=\"{&quot;background_background&quot;:&quot;classic&quot;}\">\n\t\t\t\t<div class=\"elementor-element elementor-element-63a4533 elementor-widget elementor-widget-heading\" data-id=\"63a4533\" data-element_type=\"widget\" data-e-type=\"widget\" data-widget_type=\"heading.default\">\n\t\t\t\t\t<h2 class=\"elementor-heading-title elementor-size-default\">Guri Buruz<\/h2>\t\t\t\t<\/div>\n\t\t\t\t<div class=\"elementor-element elementor-element-21861e8 elementor-widget elementor-widget-text-editor\" data-id=\"21861e8\" data-element_type=\"widget\" data-e-type=\"widget\" data-widget_type=\"text-editor.default\">\n\t\t\t\t\t\t\t\t\t<p data-start=\"90\" data-end=\"372\">Gure taberna-kafetegian uste dugu gauza txikiek unerik onenak egiten dituztela: kafe on bat, solasaldi lasai bat eta erlaxatzera gonbidatzen duen ingurune bat. Parke zabal eta seguru batean kokatuta gaude, inguruan errepiderik gabe, non natura eta lasaitasuna lagun ditugun bisita bakoitzean.<\/p><p data-start=\"374\" data-end=\"701\">Txikienek berriki berritutako zabuez eta tirolinaz gozatzen duten bitartean, gurasoak lasai asko erlaxatu daitezke gure terrazan. Dela eguna tortilla eta kafe batekin hasteko, dela arratsalde bat barre eta haize freskoaren artean pasatzeko, parkearen barruan zure lekurik gogokoena izan nahi dugu.<\/p>\t\t\t\t\t\t\t\t<\/div>\n\t\t\t\t<div class=\"elementor-element elementor-element-ce9f0d1 elementor-align-center elementor-widget elementor-widget-button\" data-id=\"ce9f0d1\" data-element_type=\"widget\" data-e-type=\"widget\" data-widget_type=\"button.default\">\n\t\t\t\t\t\t\t\t\t\t<a class=\"elementor-button elementor-button-link elementor-size-sm elementor-animation-grow\" href=\"\/eu\/servicios\/\">\n\t\t\t\t\t\t<span class=\"elementor-button-content-wrapper\">\n\t\t\t\t\t\t\t\t\t<span class=\"elementor-button-text\">ZERBITZUAK<\/span>\n\t\t\t\t\t<\/span>\n\t\t\t\t\t<\/a>\n\t\t\t\t\t\t\t\t<\/div>\n\t\t\t\t<\/div>\n\t\t\t\t<\/div>\n\t\t\t\t\t<\/div>\n\t\t\t\t<\/div>\n\t\t\t\t<\/div>\n\t\t\t\t<\/div>","protected":false},"excerpt":{"rendered":"<p>UN OASIS FAMILIAR EN PLENO PARQUE Sobre Nosotros En nuestro bar-cafeter\u00eda creemos que las peque\u00f1as cosas hacen los mejores momentos: un buen caf\u00e9, una charla tranquila y un entorno que invita a relajarse. Estamos situados en un parque amplio y seguro, sin carreteras alrededor, donde la naturaleza y la calma acompa\u00f1an cada visita. Mientras los [&hellip;]<\/p>\n","protected":false},"author":1,"featured_media":0,"parent":0,"menu_order":0,"comment_status":"closed","ping_status":"closed","template":"elementor_canvas","meta":{"footnotes":""},"class_list":["post-2","page","type-page","status-publish","hentry"],"yoast_head":"<!-- This site is optimized with the Yoast SEO plugin v27.3 - https:\/\/yoast.com\/product\/yoast-seo-wordpress\/ -->\n<title>Inicio - La Degus<\/title>\n<meta name=\"robots\" content=\"index, follow, max-snippet:-1, max-image-preview:large, max-video-preview:-1\" \/>\n<link rel=\"canonical\" href=\"https:\/\/ladegus.com\/eu\/\" \/>\n<meta property=\"og:locale\" content=\"en_US\" \/>\n<meta property=\"og:type\" content=\"article\" \/>\n<meta property=\"og:title\" content=\"Inicio - La Degus\" \/>\n<meta property=\"og:description\" content=\"UN OASIS FAMILIAR EN PLENO PARQUE Sobre Nosotros En nuestro bar-cafeter\u00eda creemos que las peque\u00f1as cosas hacen los mejores momentos: un buen caf\u00e9, una charla tranquila y un entorno que invita a relajarse. Estamos situados en un parque amplio y seguro, sin carreteras alrededor, donde la naturaleza y la calma acompa\u00f1an cada visita. Mientras los [&hellip;]\" \/>\n<meta property=\"og:url\" content=\"https:\/\/ladegus.com\/eu\/\" \/>\n<meta property=\"og:site_name\" content=\"La Degus\" \/>\n<meta property=\"article:modified_time\" content=\"2025-11-27T15:46:36+00:00\" \/>\n<meta property=\"og:image\" content=\"https:\/\/ladegus.com\/wp-content\/uploads\/2025\/11\/107687.jpg\" \/>\n<meta name=\"twitter:card\" content=\"summary_large_image\" \/>\n<script type=\"application\/ld+json\" class=\"yoast-schema-graph\">{\"@context\":\"https:\\\/\\\/schema.org\",\"@graph\":[{\"@type\":\"WebPage\",\"@id\":\"https:\\\/\\\/ladegus.com\\\/\",\"url\":\"https:\\\/\\\/ladegus.com\\\/\",\"name\":\"Inicio - La Degus\",\"isPartOf\":{\"@id\":\"https:\\\/\\\/ladegus.com\\\/#website\"},\"primaryImageOfPage\":{\"@id\":\"https:\\\/\\\/ladegus.com\\\/#primaryimage\"},\"image\":{\"@id\":\"https:\\\/\\\/ladegus.com\\\/#primaryimage\"},\"thumbnailUrl\":\"https:\\\/\\\/ladegus.com\\\/wp-content\\\/uploads\\\/2025\\\/11\\\/107687.jpg\",\"datePublished\":\"2025-11-19T11:44:17+00:00\",\"dateModified\":\"2025-11-27T15:46:36+00:00\",\"breadcrumb\":{\"@id\":\"https:\\\/\\\/ladegus.com\\\/#breadcrumb\"},\"inLanguage\":\"eu\",\"potentialAction\":[{\"@type\":\"ReadAction\",\"target\":[\"https:\\\/\\\/ladegus.com\\\/\"]}]},{\"@type\":\"ImageObject\",\"inLanguage\":\"eu\",\"@id\":\"https:\\\/\\\/ladegus.com\\\/#primaryimage\",\"url\":\"https:\\\/\\\/ladegus.com\\\/wp-content\\\/uploads\\\/2025\\\/11\\\/107687.jpg\",\"contentUrl\":\"https:\\\/\\\/ladegus.com\\\/wp-content\\\/uploads\\\/2025\\\/11\\\/107687.jpg\"},{\"@type\":\"BreadcrumbList\",\"@id\":\"https:\\\/\\\/ladegus.com\\\/#breadcrumb\",\"itemListElement\":[{\"@type\":\"ListItem\",\"position\":1,\"name\":\"Portada\",\"item\":\"https:\\\/\\\/ladegus.com\\\/\"},{\"@type\":\"ListItem\",\"position\":2,\"name\":\"Inicio\"}]},{\"@type\":\"WebSite\",\"@id\":\"https:\\\/\\\/ladegus.com\\\/#website\",\"url\":\"https:\\\/\\\/ladegus.com\\\/\",\"name\":\"La Degus\",\"description\":\"Bar La Degus\",\"potentialAction\":[{\"@type\":\"SearchAction\",\"target\":{\"@type\":\"EntryPoint\",\"urlTemplate\":\"https:\\\/\\\/ladegus.com\\\/?s={search_term_string}\"},\"query-input\":{\"@type\":\"PropertyValueSpecification\",\"valueRequired\":true,\"valueName\":\"search_term_string\"}}],\"inLanguage\":\"eu\"}]}<\/script>\n<!-- \/ Yoast SEO plugin. -->","yoast_head_json":{"title":"Inicio - La Degus","robots":{"index":"index","follow":"follow","max-snippet":"max-snippet:-1","max-image-preview":"max-image-preview:large","max-video-preview":"max-video-preview:-1"},"canonical":"https:\/\/ladegus.com\/eu\/","og_locale":"en_US","og_type":"article","og_title":"Inicio - La Degus","og_description":"UN OASIS FAMILIAR EN PLENO PARQUE Sobre Nosotros En nuestro bar-cafeter\u00eda creemos que las peque\u00f1as cosas hacen los mejores momentos: un buen caf\u00e9, una charla tranquila y un entorno que invita a relajarse. Estamos situados en un parque amplio y seguro, sin carreteras alrededor, donde la naturaleza y la calma acompa\u00f1an cada visita. Mientras los [&hellip;]","og_url":"https:\/\/ladegus.com\/eu\/","og_site_name":"La Degus","article_modified_time":"2025-11-27T15:46:36+00:00","og_image":[{"url":"https:\/\/ladegus.com\/wp-content\/uploads\/2025\/11\/107687.jpg","type":"","width":"","height":""}],"twitter_card":"summary_large_image","schema":{"@context":"https:\/\/schema.org","@graph":[{"@type":"WebPage","@id":"https:\/\/ladegus.com\/","url":"https:\/\/ladegus.com\/","name":"Inicio - La Degus","isPartOf":{"@id":"https:\/\/ladegus.com\/#website"},"primaryImageOfPage":{"@id":"https:\/\/ladegus.com\/#primaryimage"},"image":{"@id":"https:\/\/ladegus.com\/#primaryimage"},"thumbnailUrl":"https:\/\/ladegus.com\/wp-content\/uploads\/2025\/11\/107687.jpg","datePublished":"2025-11-19T11:44:17+00:00","dateModified":"2025-11-27T15:46:36+00:00","breadcrumb":{"@id":"https:\/\/ladegus.com\/#breadcrumb"},"inLanguage":"eu","potentialAction":[{"@type":"ReadAction","target":["https:\/\/ladegus.com\/"]}]},{"@type":"ImageObject","inLanguage":"eu","@id":"https:\/\/ladegus.com\/#primaryimage","url":"https:\/\/ladegus.com\/wp-content\/uploads\/2025\/11\/107687.jpg","contentUrl":"https:\/\/ladegus.com\/wp-content\/uploads\/2025\/11\/107687.jpg"},{"@type":"BreadcrumbList","@id":"https:\/\/ladegus.com\/#breadcrumb","itemListElement":[{"@type":"ListItem","position":1,"name":"Portada","item":"https:\/\/ladegus.com\/"},{"@type":"ListItem","position":2,"name":"Inicio"}]},{"@type":"WebSite","@id":"https:\/\/ladegus.com\/#website","url":"https:\/\/ladegus.com\/","name":"La Degus","description":"Bar La Degus","potentialAction":[{"@type":"SearchAction","target":{"@type":"EntryPoint","urlTemplate":"https:\/\/ladegus.com\/?s={search_term_string}"},"query-input":{"@type":"PropertyValueSpecification","valueRequired":true,"valueName":"search_term_string"}}],"inLanguage":"eu"}]}},"_links":{"self":[{"href":"https:\/\/ladegus.com\/eu\/wp-json\/wp\/v2\/pages\/2","targetHints":{"allow":["GET"]}}],"collection":[{"href":"https:\/\/ladegus.com\/eu\/wp-json\/wp\/v2\/pages"}],"about":[{"href":"https:\/\/ladegus.com\/eu\/wp-json\/wp\/v2\/types\/page"}],"author":[{"embeddable":true,"href":"https:\/\/ladegus.com\/eu\/wp-json\/wp\/v2\/users\/1"}],"replies":[{"embeddable":true,"href":"https:\/\/ladegus.com\/eu\/wp-json\/wp\/v2\/comments?post=2"}],"version-history":[{"count":37,"href":"https:\/\/ladegus.com\/eu\/wp-json\/wp\/v2\/pages\/2\/revisions"}],"predecessor-version":[{"id":341,"href":"https:\/\/ladegus.com\/eu\/wp-json\/wp\/v2\/pages\/2\/revisions\/341"}],"wp:attachment":[{"href":"https:\/\/ladegus.com\/eu\/wp-json\/wp\/v2\/media?parent=2"}],"curies":[{"name":"wp","href":"https:\/\/api.w.org\/{rel}","templated":true}]}}