{"id":17,"date":"2025-11-19T12:45:25","date_gmt":"2025-11-19T12:45:25","guid":{"rendered":"https:\/\/ladegus.rkinformatika.online\/?page_id=17"},"modified":"2025-11-27T14:53:47","modified_gmt":"2025-11-27T14:53:47","slug":"servicios","status":"publish","type":"page","link":"https:\/\/ladegus.com\/eu\/servicios\/","title":{"rendered":"Zerbitzua"},"content":{"rendered":"<div data-elementor-type=\"wp-page\" data-elementor-id=\"17\" class=\"elementor elementor-17\" data-elementor-post-type=\"page\">\n\t\t\t\t<div class=\"elementor-element elementor-element-c2b8ec3 e-con-full e-flex e-con e-parent\" data-id=\"c2b8ec3\" data-element_type=\"container\" data-e-type=\"container\" data-settings=\"{&quot;background_background&quot;:&quot;classic&quot;}\">\n\t\t<div class=\"elementor-element elementor-element-9fa6e4e e-flex e-con-boxed e-con e-child\" data-id=\"9fa6e4e\" data-element_type=\"container\" data-e-type=\"container\" data-settings=\"{&quot;background_background&quot;:&quot;classic&quot;}\">\n\t\t\t\t\t<div class=\"e-con-inner\">\n\t\t\t\t<div class=\"elementor-element elementor-element-03cda67 elementor-widget elementor-widget-heading\" data-id=\"03cda67\" data-element_type=\"widget\" data-e-type=\"widget\" data-widget_type=\"heading.default\">\n\t\t\t\t\t<h2 class=\"elementor-heading-title elementor-size-default\">Caf\u00e9, bebida y buena comida<\/h2>\t\t\t\t<\/div>\n\t\t\t\t<div class=\"elementor-element elementor-element-6dc503e elementor-widget elementor-widget-heading\" data-id=\"6dc503e\" data-element_type=\"widget\" data-e-type=\"widget\" data-widget_type=\"heading.default\">\n\t\t\t\t\t<h2 class=\"elementor-heading-title elementor-size-default\">...en un ambiente familiar y agradable<\/h2>\t\t\t\t<\/div>\n\t\t\t\t\t<\/div>\n\t\t\t\t<\/div>\n\t\t<div class=\"elementor-element elementor-element-0dd98ac e-flex e-con-boxed e-con e-child\" data-id=\"0dd98ac\" data-element_type=\"container\" data-e-type=\"container\" data-settings=\"{&quot;background_background&quot;:&quot;classic&quot;}\">\n\t\t\t\t\t<div class=\"e-con-inner\">\n\t\t<div class=\"elementor-element elementor-element-94226a7 e-con-full e-flex e-con e-child\" data-id=\"94226a7\" data-element_type=\"container\" data-e-type=\"container\" data-settings=\"{&quot;background_background&quot;:&quot;classic&quot;}\">\n\t\t\t\t<div class=\"elementor-element elementor-element-5e6f818 elementor-widget elementor-widget-image\" data-id=\"5e6f818\" data-element_type=\"widget\" data-e-type=\"widget\" data-widget_type=\"image.default\">\n\t\t\t\t\t\t\t\t\t\t\t\t\t\t\t<img fetchpriority=\"high\" decoding=\"async\" width=\"682\" height=\"1024\" src=\"https:\/\/ladegus.com\/wp-content\/uploads\/2025\/11\/12457-682x1024.jpg\" class=\"attachment-large size-large wp-image-162\" alt=\"\" srcset=\"https:\/\/ladegus.com\/wp-content\/uploads\/2025\/11\/12457-682x1024.jpg 682w, https:\/\/ladegus.com\/wp-content\/uploads\/2025\/11\/12457-200x300.jpg 200w, https:\/\/ladegus.com\/wp-content\/uploads\/2025\/11\/12457-768x1152.jpg 768w, https:\/\/ladegus.com\/wp-content\/uploads\/2025\/11\/12457-1024x1536.jpg 1024w, https:\/\/ladegus.com\/wp-content\/uploads\/2025\/11\/12457-8x12.jpg 8w, https:\/\/ladegus.com\/wp-content\/uploads\/2025\/11\/12457.jpg 1333w\" sizes=\"(max-width: 682px) 100vw, 682px\" \/>\t\t\t\t\t\t\t\t\t\t\t\t\t\t\t<\/div>\n\t\t\t\t<div class=\"elementor-element elementor-element-e1d1e05 elementor-widget elementor-widget-heading\" data-id=\"e1d1e05\" data-element_type=\"widget\" data-e-type=\"widget\" data-widget_type=\"heading.default\">\n\t\t\t\t\t<h2 class=\"elementor-heading-title elementor-size-default\">Caf\u00e9<\/h2>\t\t\t\t<\/div>\n\t\t\t\t<div class=\"elementor-element elementor-element-f56d4e9 elementor-widget elementor-widget-text-editor\" data-id=\"f56d4e9\" data-element_type=\"widget\" data-e-type=\"widget\" data-widget_type=\"text-editor.default\">\n\t\t\t\t\t\t\t\t\t<p data-start=\"545\" data-end=\"690\">Intenso, reci\u00e9n molido y con un aroma que despierta los sentidos. Ideal para comenzar la ma\u00f1ana o regalarte un instante de tranquilidad.<\/p>\t\t\t\t\t\t\t\t<\/div>\n\t\t\t\t<\/div>\n\t\t<div class=\"elementor-element elementor-element-83f97b2 e-con-full e-flex e-con e-child\" data-id=\"83f97b2\" data-element_type=\"container\" data-e-type=\"container\" data-settings=\"{&quot;background_background&quot;:&quot;classic&quot;}\">\n\t\t\t\t<div class=\"elementor-element elementor-element-04fb7ae elementor-widget elementor-widget-image\" data-id=\"04fb7ae\" data-element_type=\"widget\" data-e-type=\"widget\" data-widget_type=\"image.default\">\n\t\t\t\t\t\t\t\t\t\t\t\t\t\t\t<img decoding=\"async\" width=\"682\" height=\"1024\" src=\"https:\/\/ladegus.com\/wp-content\/uploads\/2025\/11\/5143-682x1024.jpg\" class=\"attachment-large size-large wp-image-172\" alt=\"\" srcset=\"https:\/\/ladegus.com\/wp-content\/uploads\/2025\/11\/5143-682x1024.jpg 682w, https:\/\/ladegus.com\/wp-content\/uploads\/2025\/11\/5143-200x300.jpg 200w, https:\/\/ladegus.com\/wp-content\/uploads\/2025\/11\/5143-768x1152.jpg 768w, https:\/\/ladegus.com\/wp-content\/uploads\/2025\/11\/5143-1024x1536.jpg 1024w, https:\/\/ladegus.com\/wp-content\/uploads\/2025\/11\/5143-8x12.jpg 8w, https:\/\/ladegus.com\/wp-content\/uploads\/2025\/11\/5143.jpg 1333w\" sizes=\"(max-width: 682px) 100vw, 682px\" \/>\t\t\t\t\t\t\t\t\t\t\t\t\t\t\t<\/div>\n\t\t\t\t<div class=\"elementor-element elementor-element-9834543 elementor-widget elementor-widget-heading\" data-id=\"9834543\" data-element_type=\"widget\" data-e-type=\"widget\" data-widget_type=\"heading.default\">\n\t\t\t\t\t<h2 class=\"elementor-heading-title elementor-size-default\">Refrescos<\/h2>\t\t\t\t<\/div>\n\t\t\t\t<div class=\"elementor-element elementor-element-d3cbee9 elementor-widget elementor-widget-text-editor\" data-id=\"d3cbee9\" data-element_type=\"widget\" data-e-type=\"widget\" data-widget_type=\"text-editor.default\">\n\t\t\t\t\t\t\t\t\t<p data-start=\"297\" data-end=\"424\">Una selecci\u00f3n de bebidas refrescantes para todos los gustos, ideales para acompa\u00f1ar cualquier comida o tapa.<\/p><p data-start=\"426\" data-end=\"543\">\u00a0<\/p><p data-start=\"855\" data-end=\"980\">\u00a0<\/p>\t\t\t\t\t\t\t\t<\/div>\n\t\t\t\t<\/div>\n\t\t<div class=\"elementor-element elementor-element-442ce01 e-con-full e-flex e-con e-child\" data-id=\"442ce01\" data-element_type=\"container\" data-e-type=\"container\" data-settings=\"{&quot;background_background&quot;:&quot;classic&quot;}\">\n\t\t\t\t<div class=\"elementor-element elementor-element-ffaf70d elementor-widget elementor-widget-image\" data-id=\"ffaf70d\" data-element_type=\"widget\" data-e-type=\"widget\" data-widget_type=\"image.default\">\n\t\t\t\t\t\t\t\t\t\t\t\t\t\t\t<img decoding=\"async\" width=\"682\" height=\"1024\" src=\"https:\/\/ladegus.com\/wp-content\/uploads\/2025\/11\/92995-682x1024.jpg\" class=\"attachment-large size-large wp-image-202\" alt=\"\" srcset=\"https:\/\/ladegus.com\/wp-content\/uploads\/2025\/11\/92995-682x1024.jpg 682w, https:\/\/ladegus.com\/wp-content\/uploads\/2025\/11\/92995-200x300.jpg 200w, https:\/\/ladegus.com\/wp-content\/uploads\/2025\/11\/92995-768x1152.jpg 768w, https:\/\/ladegus.com\/wp-content\/uploads\/2025\/11\/92995-1024x1536.jpg 1024w, https:\/\/ladegus.com\/wp-content\/uploads\/2025\/11\/92995-8x12.jpg 8w, https:\/\/ladegus.com\/wp-content\/uploads\/2025\/11\/92995.jpg 1333w\" sizes=\"(max-width: 682px) 100vw, 682px\" \/>\t\t\t\t\t\t\t\t\t\t\t\t\t\t\t<\/div>\n\t\t\t\t<div class=\"elementor-element elementor-element-6ad965a elementor-widget elementor-widget-heading\" data-id=\"6ad965a\" data-element_type=\"widget\" data-e-type=\"widget\" data-widget_type=\"heading.default\">\n\t\t\t\t\t<h2 class=\"elementor-heading-title elementor-size-default\">Cerveza<\/h2>\t\t\t\t<\/div>\n\t\t\t\t<div class=\"elementor-element elementor-element-c11e5aa elementor-widget elementor-widget-text-editor\" data-id=\"c11e5aa\" data-element_type=\"widget\" data-e-type=\"widget\" data-widget_type=\"text-editor.default\">\n\t\t\t\t\t\t\t\t\t<p data-start=\"426\" data-end=\"543\">Servida bien fr\u00eda, como debe ser. Desde las cl\u00e1sicas hasta opciones especiales seg\u00fan disponibilidad.<\/p><p data-start=\"545\" data-end=\"690\">\u00a0<\/p><p data-start=\"855\" data-end=\"980\">\u00a0<\/p>\t\t\t\t\t\t\t\t<\/div>\n\t\t\t\t<\/div>\n\t\t<div class=\"elementor-element elementor-element-ab04ba0 e-con-full e-flex e-con e-child\" data-id=\"ab04ba0\" data-element_type=\"container\" data-e-type=\"container\" data-settings=\"{&quot;background_background&quot;:&quot;classic&quot;}\">\n\t\t\t\t<div class=\"elementor-element elementor-element-034ab4d elementor-widget elementor-widget-image\" data-id=\"034ab4d\" data-element_type=\"widget\" data-e-type=\"widget\" data-widget_type=\"image.default\">\n\t\t\t\t\t\t\t\t\t\t\t\t\t\t\t<img loading=\"lazy\" decoding=\"async\" width=\"684\" height=\"1024\" src=\"https:\/\/ladegus.com\/wp-content\/uploads\/2025\/11\/2017-684x1024.jpg\" class=\"attachment-large size-large wp-image-150\" alt=\"\" srcset=\"https:\/\/ladegus.com\/wp-content\/uploads\/2025\/11\/2017-684x1024.jpg 684w, https:\/\/ladegus.com\/wp-content\/uploads\/2025\/11\/2017-200x300.jpg 200w, https:\/\/ladegus.com\/wp-content\/uploads\/2025\/11\/2017-768x1151.jpg 768w, https:\/\/ladegus.com\/wp-content\/uploads\/2025\/11\/2017-1025x1536.jpg 1025w, https:\/\/ladegus.com\/wp-content\/uploads\/2025\/11\/2017-8x12.jpg 8w, https:\/\/ladegus.com\/wp-content\/uploads\/2025\/11\/2017.jpg 1335w\" sizes=\"(max-width: 684px) 100vw, 684px\" \/>\t\t\t\t\t\t\t\t\t\t\t\t\t\t\t<\/div>\n\t\t\t\t<div class=\"elementor-element elementor-element-c638c0d elementor-widget elementor-widget-heading\" data-id=\"c638c0d\" data-element_type=\"widget\" data-e-type=\"widget\" data-widget_type=\"heading.default\">\n\t\t\t\t\t<h2 class=\"elementor-heading-title elementor-size-default\">copas<\/h2>\t\t\t\t<\/div>\n\t\t\t\t<div class=\"elementor-element elementor-element-e8fc945 elementor-widget elementor-widget-text-editor\" data-id=\"e8fc945\" data-element_type=\"widget\" data-e-type=\"widget\" data-widget_type=\"text-editor.default\">\n\t\t\t\t\t\t\t\t\t<p data-start=\"545\" data-end=\"690\">Vinos cuidadosamente seleccionados para ofrecer una experiencia agradable, ya sea para una comida ligera o un encuentro con amigos.<\/p><p data-start=\"692\" data-end=\"853\">\u00a0<\/p><p data-start=\"855\" data-end=\"980\">\u00a0<\/p>\t\t\t\t\t\t\t\t<\/div>\n\t\t\t\t<\/div>\n\t\t<div class=\"elementor-element elementor-element-03adbe5 e-con-full e-flex e-con e-child\" data-id=\"03adbe5\" data-element_type=\"container\" data-e-type=\"container\" data-settings=\"{&quot;background_background&quot;:&quot;classic&quot;}\">\n\t\t\t\t<div class=\"elementor-element elementor-element-4705bd5 elementor-widget elementor-widget-image\" data-id=\"4705bd5\" data-element_type=\"widget\" data-e-type=\"widget\" data-widget_type=\"image.default\">\n\t\t\t\t\t\t\t\t\t\t\t\t\t\t\t<img loading=\"lazy\" decoding=\"async\" width=\"682\" height=\"1024\" src=\"https:\/\/ladegus.com\/wp-content\/uploads\/2025\/11\/353242-682x1024.jpg\" class=\"attachment-large size-large wp-image-175\" alt=\"\" srcset=\"https:\/\/ladegus.com\/wp-content\/uploads\/2025\/11\/353242-682x1024.jpg 682w, https:\/\/ladegus.com\/wp-content\/uploads\/2025\/11\/353242-200x300.jpg 200w, https:\/\/ladegus.com\/wp-content\/uploads\/2025\/11\/353242-768x1152.jpg 768w, https:\/\/ladegus.com\/wp-content\/uploads\/2025\/11\/353242-1024x1536.jpg 1024w, https:\/\/ladegus.com\/wp-content\/uploads\/2025\/11\/353242-8x12.jpg 8w, https:\/\/ladegus.com\/wp-content\/uploads\/2025\/11\/353242.jpg 1333w\" sizes=\"(max-width: 682px) 100vw, 682px\" \/>\t\t\t\t\t\t\t\t\t\t\t\t\t\t\t<\/div>\n\t\t\t\t<div class=\"elementor-element elementor-element-7d86587 elementor-widget elementor-widget-heading\" data-id=\"7d86587\" data-element_type=\"widget\" data-e-type=\"widget\" data-widget_type=\"heading.default\">\n\t\t\t\t\t<h2 class=\"elementor-heading-title elementor-size-default\">pintxos variados<\/h2>\t\t\t\t<\/div>\n\t\t\t\t<div class=\"elementor-element elementor-element-e8eb75a elementor-widget elementor-widget-text-editor\" data-id=\"e8eb75a\" data-element_type=\"widget\" data-e-type=\"widget\" data-widget_type=\"text-editor.default\">\n\t\t\t\t\t\t\t\t\t<p data-start=\"692\" data-end=\"853\">Nuestra esencia. Tapas tradicionales y caseras, pensadas para compartir y disfrutar. Variedad, sabor y un toque aut\u00e9ntico en cada bocado.<\/p><p data-start=\"855\" data-end=\"980\">\u00a0<\/p>\t\t\t\t\t\t\t\t<\/div>\n\t\t\t\t<\/div>\n\t\t<div class=\"elementor-element elementor-element-50166b8 e-con-full e-flex e-con e-child\" data-id=\"50166b8\" data-element_type=\"container\" data-e-type=\"container\" data-settings=\"{&quot;background_background&quot;:&quot;classic&quot;}\">\n\t\t\t\t<div class=\"elementor-element elementor-element-32411f1 elementor-widget elementor-widget-image\" data-id=\"32411f1\" data-element_type=\"widget\" data-e-type=\"widget\" data-widget_type=\"image.default\">\n\t\t\t\t\t\t\t\t\t\t\t\t\t\t\t<img loading=\"lazy\" decoding=\"async\" width=\"704\" height=\"1024\" src=\"https:\/\/ladegus.com\/wp-content\/uploads\/2025\/11\/2148555505-704x1024.jpg\" class=\"attachment-large size-large wp-image-173\" alt=\"\" srcset=\"https:\/\/ladegus.com\/wp-content\/uploads\/2025\/11\/2148555505-704x1024.jpg 704w, https:\/\/ladegus.com\/wp-content\/uploads\/2025\/11\/2148555505-206x300.jpg 206w, https:\/\/ladegus.com\/wp-content\/uploads\/2025\/11\/2148555505-768x1117.jpg 768w, https:\/\/ladegus.com\/wp-content\/uploads\/2025\/11\/2148555505-1056x1536.jpg 1056w, https:\/\/ladegus.com\/wp-content\/uploads\/2025\/11\/2148555505-8x12.jpg 8w, https:\/\/ladegus.com\/wp-content\/uploads\/2025\/11\/2148555505.jpg 1375w\" sizes=\"(max-width: 704px) 100vw, 704px\" \/>\t\t\t\t\t\t\t\t\t\t\t\t\t\t\t<\/div>\n\t\t\t\t<div class=\"elementor-element elementor-element-985d19f elementor-widget elementor-widget-heading\" data-id=\"985d19f\" data-element_type=\"widget\" data-e-type=\"widget\" data-widget_type=\"heading.default\">\n\t\t\t\t\t<h2 class=\"elementor-heading-title elementor-size-default\">Combinados<\/h2>\t\t\t\t<\/div>\n\t\t\t\t<div class=\"elementor-element elementor-element-750983b elementor-widget elementor-widget-text-editor\" data-id=\"750983b\" data-element_type=\"widget\" data-e-type=\"widget\" data-widget_type=\"text-editor.default\">\n\t\t\t\t\t\t\t\t\t<p data-start=\"855\" data-end=\"980\">Refrescante, lleno de sabor y perfectamente equilibrado. Ideal para compartir momentos, celebrar o simplemente disfrutar de un instante \u00fanico.<\/p>\t\t\t\t\t\t\t\t<\/div>\n\t\t\t\t<\/div>\n\t\t<div class=\"elementor-element elementor-element-42c1b0a e-con-full e-flex e-con e-child\" data-id=\"42c1b0a\" data-element_type=\"container\" data-e-type=\"container\">\n\t\t\t\t<div class=\"elementor-element elementor-element-b648034 elementor-align-center elementor-widget elementor-widget-button\" data-id=\"b648034\" data-element_type=\"widget\" data-e-type=\"widget\" data-widget_type=\"button.default\">\n\t\t\t\t\t\t\t\t\t\t<a class=\"elementor-button elementor-button-link elementor-size-sm elementor-animation-grow\" href=\"\/eu\/contacto\/\">\n\t\t\t\t\t\t<span class=\"elementor-button-content-wrapper\">\n\t\t\t\t\t\t<span class=\"elementor-button-icon\">\n\t\t\t\t<svg aria-hidden=\"true\" class=\"e-font-icon-svg e-fas-phone-alt\" viewbox=\"0 0 512 512\" xmlns=\"http:\/\/www.w3.org\/2000\/svg\"><path d=\"M497.39 361.8l-112-48a24 24 0 0 0-28 6.9l-49.6 60.6A370.66 370.66 0 0 1 130.6 204.11l60.6-49.6a23.94 23.94 0 0 0 6.9-28l-48-112A24.16 24.16 0 0 0 122.6.61l-104 24A24 24 0 0 0 0 48c0 256.5 207.9 464 464 464a24 24 0 0 0 23.4-18.6l24-104a24.29 24.29 0 0 0-14.01-27.6z\"><\/path><\/svg>\t\t\t<\/span>\n\t\t\t\t\t\t\t\t\t<span class=\"elementor-button-text\">Kontaktua<\/span>\n\t\t\t\t\t<\/span>\n\t\t\t\t\t<\/a>\n\t\t\t\t\t\t\t\t<\/div>\n\t\t\t\t<\/div>\n\t\t\t\t\t<\/div>\n\t\t\t\t<\/div>\n\t\t\t\t<\/div>\n\t\t\t\t<\/div>","protected":false},"excerpt":{"rendered":"<p>Caf\u00e9, bebida y buena comida &#8230;en un ambiente familiar y agradable Caf\u00e9 Intenso, reci\u00e9n molido y con un aroma que despierta los sentidos. Ideal para comenzar la ma\u00f1ana o regalarte un instante de tranquilidad. Refrescos Una selecci\u00f3n de bebidas refrescantes para todos los gustos, ideales para acompa\u00f1ar cualquier comida o tapa. \u00a0 \u00a0 Cerveza Servida [&hellip;]<\/p>\n","protected":false},"author":1,"featured_media":0,"parent":0,"menu_order":0,"comment_status":"closed","ping_status":"closed","template":"elementor_canvas","meta":{"footnotes":""},"class_list":["post-17","page","type-page","status-publish","hentry"],"yoast_head":"<!-- This site is optimized with the Yoast SEO plugin v27.3 - https:\/\/yoast.com\/product\/yoast-seo-wordpress\/ -->\n<title>Servicios - La Degus<\/title>\n<meta name=\"robots\" content=\"index, follow, max-snippet:-1, max-image-preview:large, max-video-preview:-1\" \/>\n<link rel=\"canonical\" href=\"https:\/\/ladegus.com\/eu\/servicios\/\" \/>\n<meta property=\"og:locale\" content=\"en_US\" \/>\n<meta property=\"og:type\" content=\"article\" \/>\n<meta property=\"og:title\" content=\"Servicios - La Degus\" \/>\n<meta property=\"og:description\" content=\"Caf\u00e9, bebida y buena comida &#8230;en un ambiente familiar y agradable Caf\u00e9 Intenso, reci\u00e9n molido y con un aroma que despierta los sentidos. Ideal para comenzar la ma\u00f1ana o regalarte un instante de tranquilidad. Refrescos Una selecci\u00f3n de bebidas refrescantes para todos los gustos, ideales para acompa\u00f1ar cualquier comida o tapa. \u00a0 \u00a0 Cerveza Servida [&hellip;]\" \/>\n<meta property=\"og:url\" content=\"https:\/\/ladegus.com\/eu\/servicios\/\" \/>\n<meta property=\"og:site_name\" content=\"La Degus\" \/>\n<meta property=\"article:modified_time\" content=\"2025-11-27T14:53:47+00:00\" \/>\n<meta property=\"og:image\" content=\"https:\/\/ladegus.com\/wp-content\/uploads\/2025\/11\/12457-682x1024.jpg\" \/>\n<meta name=\"twitter:card\" content=\"summary_large_image\" \/>\n<meta name=\"twitter:label1\" content=\"Est. reading time\" \/>\n\t<meta name=\"twitter:data1\" content=\"1 minutua\" \/>\n<script type=\"application\/ld+json\" class=\"yoast-schema-graph\">{\"@context\":\"https:\\\/\\\/schema.org\",\"@graph\":[{\"@type\":\"WebPage\",\"@id\":\"https:\\\/\\\/ladegus.com\\\/servicios\\\/\",\"url\":\"https:\\\/\\\/ladegus.com\\\/servicios\\\/\",\"name\":\"Servicios - La Degus\",\"isPartOf\":{\"@id\":\"https:\\\/\\\/ladegus.com\\\/#website\"},\"primaryImageOfPage\":{\"@id\":\"https:\\\/\\\/ladegus.com\\\/servicios\\\/#primaryimage\"},\"image\":{\"@id\":\"https:\\\/\\\/ladegus.com\\\/servicios\\\/#primaryimage\"},\"thumbnailUrl\":\"https:\\\/\\\/ladegus.com\\\/wp-content\\\/uploads\\\/2025\\\/11\\\/12457-682x1024.jpg\",\"datePublished\":\"2025-11-19T12:45:25+00:00\",\"dateModified\":\"2025-11-27T14:53:47+00:00\",\"breadcrumb\":{\"@id\":\"https:\\\/\\\/ladegus.com\\\/servicios\\\/#breadcrumb\"},\"inLanguage\":\"eu\",\"potentialAction\":[{\"@type\":\"ReadAction\",\"target\":[\"https:\\\/\\\/ladegus.com\\\/servicios\\\/\"]}]},{\"@type\":\"ImageObject\",\"inLanguage\":\"eu\",\"@id\":\"https:\\\/\\\/ladegus.com\\\/servicios\\\/#primaryimage\",\"url\":\"https:\\\/\\\/ladegus.com\\\/wp-content\\\/uploads\\\/2025\\\/11\\\/12457-682x1024.jpg\",\"contentUrl\":\"https:\\\/\\\/ladegus.com\\\/wp-content\\\/uploads\\\/2025\\\/11\\\/12457-682x1024.jpg\"},{\"@type\":\"BreadcrumbList\",\"@id\":\"https:\\\/\\\/ladegus.com\\\/servicios\\\/#breadcrumb\",\"itemListElement\":[{\"@type\":\"ListItem\",\"position\":1,\"name\":\"Portada\",\"item\":\"https:\\\/\\\/ladegus.com\\\/\"},{\"@type\":\"ListItem\",\"position\":2,\"name\":\"Servicios\"}]},{\"@type\":\"WebSite\",\"@id\":\"https:\\\/\\\/ladegus.com\\\/#website\",\"url\":\"https:\\\/\\\/ladegus.com\\\/\",\"name\":\"La Degus\",\"description\":\"Bar La Degus\",\"potentialAction\":[{\"@type\":\"SearchAction\",\"target\":{\"@type\":\"EntryPoint\",\"urlTemplate\":\"https:\\\/\\\/ladegus.com\\\/?s={search_term_string}\"},\"query-input\":{\"@type\":\"PropertyValueSpecification\",\"valueRequired\":true,\"valueName\":\"search_term_string\"}}],\"inLanguage\":\"eu\"}]}<\/script>\n<!-- \/ Yoast SEO plugin. -->","yoast_head_json":{"title":"Servicios - La Degus","robots":{"index":"index","follow":"follow","max-snippet":"max-snippet:-1","max-image-preview":"max-image-preview:large","max-video-preview":"max-video-preview:-1"},"canonical":"https:\/\/ladegus.com\/eu\/servicios\/","og_locale":"en_US","og_type":"article","og_title":"Servicios - La Degus","og_description":"Caf\u00e9, bebida y buena comida &#8230;en un ambiente familiar y agradable Caf\u00e9 Intenso, reci\u00e9n molido y con un aroma que despierta los sentidos. Ideal para comenzar la ma\u00f1ana o regalarte un instante de tranquilidad. Refrescos Una selecci\u00f3n de bebidas refrescantes para todos los gustos, ideales para acompa\u00f1ar cualquier comida o tapa. \u00a0 \u00a0 Cerveza Servida [&hellip;]","og_url":"https:\/\/ladegus.com\/eu\/servicios\/","og_site_name":"La Degus","article_modified_time":"2025-11-27T14:53:47+00:00","og_image":[{"url":"https:\/\/ladegus.com\/wp-content\/uploads\/2025\/11\/12457-682x1024.jpg","type":"","width":"","height":""}],"twitter_card":"summary_large_image","twitter_misc":{"Est. reading time":"1 minutua"},"schema":{"@context":"https:\/\/schema.org","@graph":[{"@type":"WebPage","@id":"https:\/\/ladegus.com\/servicios\/","url":"https:\/\/ladegus.com\/servicios\/","name":"Servicios - La Degus","isPartOf":{"@id":"https:\/\/ladegus.com\/#website"},"primaryImageOfPage":{"@id":"https:\/\/ladegus.com\/servicios\/#primaryimage"},"image":{"@id":"https:\/\/ladegus.com\/servicios\/#primaryimage"},"thumbnailUrl":"https:\/\/ladegus.com\/wp-content\/uploads\/2025\/11\/12457-682x1024.jpg","datePublished":"2025-11-19T12:45:25+00:00","dateModified":"2025-11-27T14:53:47+00:00","breadcrumb":{"@id":"https:\/\/ladegus.com\/servicios\/#breadcrumb"},"inLanguage":"eu","potentialAction":[{"@type":"ReadAction","target":["https:\/\/ladegus.com\/servicios\/"]}]},{"@type":"ImageObject","inLanguage":"eu","@id":"https:\/\/ladegus.com\/servicios\/#primaryimage","url":"https:\/\/ladegus.com\/wp-content\/uploads\/2025\/11\/12457-682x1024.jpg","contentUrl":"https:\/\/ladegus.com\/wp-content\/uploads\/2025\/11\/12457-682x1024.jpg"},{"@type":"BreadcrumbList","@id":"https:\/\/ladegus.com\/servicios\/#breadcrumb","itemListElement":[{"@type":"ListItem","position":1,"name":"Portada","item":"https:\/\/ladegus.com\/"},{"@type":"ListItem","position":2,"name":"Servicios"}]},{"@type":"WebSite","@id":"https:\/\/ladegus.com\/#website","url":"https:\/\/ladegus.com\/","name":"La Degus","description":"Bar La Degus","potentialAction":[{"@type":"SearchAction","target":{"@type":"EntryPoint","urlTemplate":"https:\/\/ladegus.com\/?s={search_term_string}"},"query-input":{"@type":"PropertyValueSpecification","valueRequired":true,"valueName":"search_term_string"}}],"inLanguage":"eu"}]}},"_links":{"self":[{"href":"https:\/\/ladegus.com\/eu\/wp-json\/wp\/v2\/pages\/17","targetHints":{"allow":["GET"]}}],"collection":[{"href":"https:\/\/ladegus.com\/eu\/wp-json\/wp\/v2\/pages"}],"about":[{"href":"https:\/\/ladegus.com\/eu\/wp-json\/wp\/v2\/types\/page"}],"author":[{"embeddable":true,"href":"https:\/\/ladegus.com\/eu\/wp-json\/wp\/v2\/users\/1"}],"replies":[{"embeddable":true,"href":"https:\/\/ladegus.com\/eu\/wp-json\/wp\/v2\/comments?post=17"}],"version-history":[{"count":67,"href":"https:\/\/ladegus.com\/eu\/wp-json\/wp\/v2\/pages\/17\/revisions"}],"predecessor-version":[{"id":226,"href":"https:\/\/ladegus.com\/eu\/wp-json\/wp\/v2\/pages\/17\/revisions\/226"}],"wp:attachment":[{"href":"https:\/\/ladegus.com\/eu\/wp-json\/wp\/v2\/media?parent=17"}],"curies":[{"name":"wp","href":"https:\/\/api.w.org\/{rel}","templated":true}]}}